{"id":48,"date":"2025-01-03T22:51:02","date_gmt":"2025-01-03T22:51:02","guid":{"rendered":"https:\/\/newtrade.pe\/?page_id=48"},"modified":"2025-01-03T22:55:45","modified_gmt":"2025-01-03T22:55:45","slug":"contacto","status":"publish","type":"page","link":"https:\/\/newtrade.pe\/index.php\/contacto\/","title":{"rendered":"Contacto"},"content":{"rendered":"<div class=\"wpb-content-wrapper\"><p>[vc_row][vc_column width=&#8221;1\/4&#8243;][vc_column_text css=&#8221;&#8221;]<\/p>\n<div class=\"wpb_text_column wpb_content_element\">\n<div class=\"wpb_wrapper\">\n<h2>Cont\u00e1ctanos<\/h2>\n<h4 class=\"vc_custom_heading titulo-extendido\">Escr\u00edbenos o ll\u00e1manos.<\/h4>\n<p>Si tienes alguna duda sobre nuestros servicios o deseas cotizar nuestros servicios y productos para tu empresa, escr\u00edbenos un mensaje y te contactaremos a la brevedad.<\/p>\n<\/div>\n<\/div>\n<p>[\/vc_column_text][vc_separator color=&#8221;sky&#8221; align=&#8221;align_left&#8221; border_width=&#8221;6&#8243; el_width=&#8221;60&#8243; css=&#8221;&#8221;][vc_column_text css=&#8221;&#8221;]<b>Direcci\u00f3n:<\/b><br \/>\nCalle Destajistas N\u00b0 3 Interior 2,<br \/>\nColonia Zona Ind. Xhala, Municipio Cuautitl\u00e1n Izcalli,<br \/>\nC.P. 54714, M\u00e9xico.<\/p>\n<p><strong>Tel\u00e9fono:<\/strong>\u00a0+52 55 6487 2127<\/p>\n<p><strong>Mail:<\/strong>\u00a0ventas@newtrade.mx[\/vc_column_text][vc_separator color=&#8221;sky&#8221; align=&#8221;align_left&#8221; border_width=&#8221;6&#8243; el_width=&#8221;60&#8243; css=&#8221;&#8221;][\/vc_column][vc_column width=&#8221;3\/4&#8243;][vc_gmaps link=&#8221;#E-8_JTNDaWZyYW1lJTIwc3JjJTNEJTIyaHR0cHMlM0ElMkYlMkZ3d3cuZ29vZ2xlLmNvbSUyRm1hcHMlMkZlbWJlZCUzRnBiJTNEJTIxMW0xOCUyMTFtMTIlMjExbTMlMjExZDM4OTkuMzE2ODg3NDAyNzQzJTIxMmQtNzYuODY2NzYwOTIyMTUwNDglMjEzZC0xMi4yMjY4MDk5NTcxNDU2ODclMjEybTMlMjExZjAlMjEyZjAlMjEzZjAlMjEzbTIlMjExaTEwMjQlMjEyaTc2OCUyMTRmMTMuMSUyMTNtMyUyMTFtMiUyMTFzMHg5MTA1YmRjZjZjOTBhNzE1JTI1M0EweDYxMDFmZGY0ODg1MjcwMjIlMjEyc01hbnVlbCUyNTIwVmFsbGUlMjE1ZTAlMjEzbTIlMjExc2VzJTIxMnNjbCUyMTR2MTczNTk0NDkwMjEzOSUyMTVtMiUyMTFzZXMlMjEyc2NsJTIyJTIwd2lkdGglM0QlMjI2MDAlMjIlMjBoZWlnaHQlM0QlMjI0NTAlMjIlMjBzdHlsZSUzRCUyMmJvcmRlciUzQTAlM0IlMjIlMjBhbGxvd2Z1bGxzY3JlZW4lM0QlMjIlMjIlMjBsb2FkaW5nJTNEJTIybGF6eSUyMiUyMHJlZmVycmVycG9saWN5JTNEJTIybm8tcmVmZXJyZXItd2hlbi1kb3duZ3JhZGUlMjIlM0UlM0MlMkZpZnJhbWUlM0U=&#8221; css=&#8221;&#8221;][\/vc_column][\/vc_row]<\/p>\n<\/div>","protected":false},"excerpt":{"rendered":"<p>[vc_row][vc_column width=&#8221;1\/4&#8243;][vc_column_text css=&#8221;&#8221;] Cont\u00e1ctanos Escr\u00edbenos o ll\u00e1manos. Si tienes alguna duda sobre nuestros servicios o deseas cotizar nuestros servicios y productos para tu empresa, escr\u00edbenos un mensaje y te contactaremos a la brevedad. [\/vc_column_text][vc_separator color=&#8221;sky&#8221; align=&#8221;align_left&#8221; border_width=&#8221;6&#8243; el_width=&#8221;60&#8243; css=&#8221;&#8221;][vc_column_text css=&#8221;&#8221;]Direcci\u00f3n: Calle Destajistas N\u00b0 3 Interior 2, Colonia Zona Ind. Xhala, Municipio Cuautitl\u00e1n Izcalli, C.P. 54714, [&hellip;]<\/p>\n","protected":false},"author":1,"featured_media":0,"parent":0,"menu_order":0,"comment_status":"closed","ping_status":"closed","template":"","meta":{"footnotes":""},"class_list":["post-48","page","type-page","status-publish","hentry","travel-monster-post","no-post-thumbnail","latest_post"],"_links":{"self":[{"href":"https:\/\/newtrade.pe\/index.php\/wp-json\/wp\/v2\/pages\/48","targetHints":{"allow":["GET"]}}],"collection":[{"href":"https:\/\/newtrade.pe\/index.php\/wp-json\/wp\/v2\/pages"}],"about":[{"href":"https:\/\/newtrade.pe\/index.php\/wp-json\/wp\/v2\/types\/page"}],"author":[{"embeddable":true,"href":"https:\/\/newtrade.pe\/index.php\/wp-json\/wp\/v2\/users\/1"}],"replies":[{"embeddable":true,"href":"https:\/\/newtrade.pe\/index.php\/wp-json\/wp\/v2\/comments?post=48"}],"version-history":[{"count":2,"href":"https:\/\/newtrade.pe\/index.php\/wp-json\/wp\/v2\/pages\/48\/revisions"}],"predecessor-version":[{"id":50,"href":"https:\/\/newtrade.pe\/index.php\/wp-json\/wp\/v2\/pages\/48\/revisions\/50"}],"wp:attachment":[{"href":"https:\/\/newtrade.pe\/index.php\/wp-json\/wp\/v2\/media?parent=48"}],"curies":[{"name":"wp","href":"https:\/\/api.w.org\/{rel}","templated":true}]}}